{"id":2580,"date":"2025-09-10T14:42:51","date_gmt":"2025-09-10T17:42:51","guid":{"rendered":"https:\/\/loja.hunas.art.br\/?post_type=product&#038;p=2580"},"modified":"2025-10-11T18:09:03","modified_gmt":"2025-10-11T21:09:03","slug":"brinco-flor-de-lotus-aluminio","status":"publish","type":"product","link":"https:\/\/loja.hunas.art.br\/index.php\/produto\/brinco-flor-de-lotus-aluminio\/","title":{"rendered":"Brinco flor de lis alum\u00ednio"},"content":{"rendered":"<p>Brinco feito de alum\u00ednio, um material antioxidante, hipoalerg\u00eanico e f\u00e1cil de limpar.<\/p>\n","protected":false},"excerpt":{"rendered":"<p>Brinco feito de alum\u00ednio, um material antioxidante, hipoalerg\u00eanico e f\u00e1cil de limpar.<\/p>\n","protected":false},"featured_media":2579,"comment_status":"open","ping_status":"closed","template":"","meta":{"jetpack_publicize_message":"","jetpack_publicize_feature_enabled":true,"jetpack_social_post_already_shared":true,"jetpack_social_options":{"image_generator_settings":{"template":"highway","default_image_id":0,"font":"","enabled":false},"version":2}},"product_brand":[],"product_cat":[85],"product_tag":[57,54,70,69,64,72,71],"class_list":{"0":"post-2580","1":"product","2":"type-product","3":"status-publish","4":"has-post-thumbnail","6":"product_cat-brinco-3","7":"product_tag-acessorio","8":"product_tag-brinco-2","9":"product_tag-elegancia-2","10":"product_tag-estilo-2","11":"product_tag-hunas-acessorios","12":"product_tag-luxo-2","13":"product_tag-moda-2","14":"product_shipping_class-todas","16":"first","17":"instock","18":"shipping-taxable","19":"purchasable","20":"product-type-simple"},"aioseo_notices":[],"jetpack_publicize_connections":[],"jetpack_sharing_enabled":true,"jetpack_likes_enabled":true,"_links":{"self":[{"href":"https:\/\/loja.hunas.art.br\/index.php\/wp-json\/wp\/v2\/product\/2580","targetHints":{"allow":["GET"]}}],"collection":[{"href":"https:\/\/loja.hunas.art.br\/index.php\/wp-json\/wp\/v2\/product"}],"about":[{"href":"https:\/\/loja.hunas.art.br\/index.php\/wp-json\/wp\/v2\/types\/product"}],"replies":[{"embeddable":true,"href":"https:\/\/loja.hunas.art.br\/index.php\/wp-json\/wp\/v2\/comments?post=2580"}],"wp:featuredmedia":[{"embeddable":true,"href":"https:\/\/loja.hunas.art.br\/index.php\/wp-json\/wp\/v2\/media\/2579"}],"wp:attachment":[{"href":"https:\/\/loja.hunas.art.br\/index.php\/wp-json\/wp\/v2\/media?parent=2580"}],"wp:term":[{"taxonomy":"product_brand","embeddable":true,"href":"https:\/\/loja.hunas.art.br\/index.php\/wp-json\/wp\/v2\/product_brand?post=2580"},{"taxonomy":"product_cat","embeddable":true,"href":"https:\/\/loja.hunas.art.br\/index.php\/wp-json\/wp\/v2\/product_cat?post=2580"},{"taxonomy":"product_tag","embeddable":true,"href":"https:\/\/loja.hunas.art.br\/index.php\/wp-json\/wp\/v2\/product_tag?post=2580"}],"curies":[{"name":"wp","href":"https:\/\/api.w.org\/{rel}","templated":true}]}}