{"id":57,"date":"2020-09-23T06:40:30","date_gmt":"2020-09-23T09:40:30","guid":{"rendered":"http:\/\/loja.hunas.art.br\/?page_id=57"},"modified":"2025-09-03T10:20:21","modified_gmt":"2025-09-03T13:20:21","slug":"bem-vindo-a-nossa-loja","status":"publish","type":"page","link":"https:\/\/loja.hunas.art.br\/","title":{"rendered":""},"content":{"rendered":"\n<h3 class=\"wp-block-heading has-text-align-center\"><\/h3>\n\n\n\n<p>Descubra a beleza e a singularidade dos nossos acess\u00f3rios artesanais, feitos com dedica\u00e7\u00e3o, amor e alma!<\/p>\n\n\n\n<p>Cada pe\u00e7a \u00e9 \u00fanica, refletindo o talento e a criatividade que colocamos em cada cria\u00e7\u00e3o.<\/p>\n\n\n\n<p>\u2728 <strong>Por que escolher nossos acess\u00f3rios?<\/strong><\/p>\n\n\n\n<ul class=\"wp-block-list\">\n<li><strong>Feitos \u00e0 m\u00e3o:<\/strong> Cada item \u00e9 cuidadosamente elaborado, garantindo qualidade e originalidade.<\/li>\n\n\n\n<li><strong>Design exclusivo:<\/strong> Nossos acess\u00f3rios s\u00e3o pensados para real\u00e7ar sua beleza e estilo pessoal.<\/li>\n\n\n\n<li><strong>Sustentabilidade:<\/strong> Utilizamos materiais que respeitam o meio ambiente, promovendo uma moda consciente.<\/li>\n\n\n\n<li><strong>Res\u00edduo Zero:<\/strong> Comprometemo-nos com pr\u00e1ticas de produ\u00e7\u00e3o que minimizam o desperd\u00edcio, garantindo que cada material seja aproveitado ao m\u00e1ximo.<\/li>\n<\/ul>\n\n\n\n<p>Explore nossa cole\u00e7\u00e3o e encontre aquela pe\u00e7a que vai transformar o seu look!<\/p>\n\n\n\n<p class=\"has-text-align-center\">\ud83c\udf38 <strong>[Confira nossas novidades!]<\/strong> \ud83c\udf38<\/p>\n\n\n\n<hr class=\"wp-block-separator has-alpha-channel-opacity\"\/>\n\n\n\n<div class=\"wp-block-group alignfull is-content-justification-center\" style=\"margin-top:0;margin-bottom:0;padding-top:calc( 0.5 * var(--wp--style--root--padding-right, var(--wp--custom--gap--horizontal)));padding-right:var(--wp--style--root--padding-right, var(--wp--custom--gap--horizontal));padding-bottom:calc( 0.5 * var(--wp--style--root--padding-right, var(--wp--custom--gap--horizontal)));padding-left:var(--wp--style--root--padding-left, var(--wp--custom--gap--horizontal))\"><div class=\"wp-block-group__inner-container is-layout-constrained wp-container-core-group-is-layout-df757ecc wp-block-group-is-layout-constrained\">\n<div style=\"height:calc( 0.25 * var(--wp--style--root--padding-right, var(--wp--custom--gap--horizontal)))\" aria-hidden=\"true\" class=\"wp-block-spacer\"><\/div>\n\n\n\n<div data-block-name=\"woocommerce\/single-product\" data-product-id=\"2270\" data-wp-context=\"{&quot;productId&quot;:2270,&quot;variationId&quot;:null}\" data-wp-interactive=\"woocommerce\/single-product\" class=\"wp-block-woocommerce-single-product woocommerce\">\n<div class=\"wp-block-columns is-layout-flex wp-container-core-columns-is-layout-28f84493 wp-block-columns-is-layout-flex\">\n<div class=\"wp-block-column is-layout-flow wp-block-column-is-layout-flow\"><div data-block-name=\"woocommerce\/product-image\" data-is-descendent-of-single-product-block=\"true\" data-show-sale-badge=\"false\" class=\"wc-block-components-product-image wc-block-grid__product-image wc-block-components-product-image--aspect-ratio-auto wp-block-woocommerce-product-image\"><a href=\"https:\/\/loja.hunas.art.br\/index.php\/produto\/colar-mulher-maravilha\/\" style=\"\" data-wp-on--click=\"woocommerce\/product-collection::actions.viewProduct\"><img decoding=\"async\" width=\"416\" height=\"624\" src=\"https:\/\/loja.hunas.art.br\/wp-content\/uploads\/2025\/02\/1000061701-416x624.png\" class=\"attachment-woocommerce_single size-woocommerce_single\" alt=\"Colar Mulher Maravilha\" data-testid=\"product-image\" data-image-id=\"2601\" style=\"object-fit:cover;\" loading=\"lazy\" srcset=\"https:\/\/loja.hunas.art.br\/wp-content\/uploads\/2025\/02\/1000061701-416x624.png 416w, https:\/\/loja.hunas.art.br\/wp-content\/uploads\/2025\/02\/1000061701-200x300.png 200w, https:\/\/loja.hunas.art.br\/wp-content\/uploads\/2025\/02\/1000061701-683x1024.png 683w, https:\/\/loja.hunas.art.br\/wp-content\/uploads\/2025\/02\/1000061701-768x1152.png 768w, https:\/\/loja.hunas.art.br\/wp-content\/uploads\/2025\/02\/1000061701.png 1024w\" sizes=\"auto, (max-width: 416px) 100vw, 416px\" \/><div class=\"wc-block-components-product-image__inner-container\"><\/div><\/a><\/div><\/div>\n\n\n\n<div class=\"wp-block-column is-layout-flow wp-block-column-is-layout-flow\"><h2 class=\"wp-block-post-title\"><a href=\"https:\/\/loja.hunas.art.br\/index.php\/produto\/colar-mulher-maravilha\/\" target=\"_self\" >Colar Mulher Maravilha<\/a><\/h2>\n\n\n\n<div data-block-name=\"woocommerce\/product-price\" data-is-descendent-of-single-product-block=\"true\" class=\"wp-block-woocommerce-product-price\" ><div class=\"wc-block-components-product-price wc-block-grid__product-price\" >\n\t\t\t\t\t<span class=\"woocommerce-Price-amount amount\"><bdi><span class=\"woocommerce-Price-currencySymbol\">&#82;&#36;<\/span>165,00<\/bdi><\/span>\n\t\t\t\t<\/div><\/div>\n\n<div data-block-name=\"woocommerce\/product-summary\" data-is-descendent-of-single-product-block=\"true\" class=\"wp-block-woocommerce-product-summary\"><div class=\"wc-block-components-product-summary \" style=\"\">\n\t\t\t\t<p>Nosso colar Mulher Maravilha feito de alum\u00ednio \u00e9 um material leve, dur\u00e1vel e perfeito para qualquer ocasi\u00e3o. Com um brilho \u00fanico, ele valoriza o visual e \u00e9 hipoalerg\u00eanico. Al\u00e9m disso, o alum\u00ednio \u00e9 resistente \u00e0 corros\u00e3o e f\u00e1cil de limpar, o que significa que voc\u00ea pode us\u00e1-lo sempre sem preocupa\u00e7\u00f5es.<\/p>\n\n\t\t\t<\/div><\/div>\n\n<div data-block-name=\"woocommerce\/add-to-cart-form\" class=\"wp-block-add-to-cart-form wc-block-add-to-cart-form wc-block-add-to-cart-form--input wp-block-woocommerce-add-to-cart-form\" ><p class=\"stock in-stock\">30 em estoque<\/p>\n\n\t\n<div id=\"tooltipComponent\" class=\"mp-credits-tooltip-container\">\n    <img decoding=\"async\" alt=\"mp-logo-hand-shake\" class=\"mp-credits-tooltip-icon\" src=\"https:\/\/loja.hunas.art.br\/wp-content\/plugins\/woocommerce-mercadopago\/assets\/images\/icons\/icon-mp.png?ver=8.7.19\">\n    <div class=\"mp-credits-tooltip-text\">\n        <span><b>At\u00e9 12x sem cart\u00e3o<\/b> com a Linha de Cr\u00e9dito.<\/span>\n        <span class=\"mp-credits-tooltip-link\"><a id=\"mp-open-modal\">Saiba mais<\/a><\/span>\n    <\/div>\n<\/div>\n\n<div id=\"mp-credits-modal\">\n    <div id=\"mp-credits-centralize\" class=\"mp-credits-modal-content-centralize\">\n        <div class=\"mp-credits-modal-container\">\n            <div class=\"mp-credits-modal-container-content\">\n                <div class=\"mp-credits-modal-content\">\n                    <div class=\"mp-credits-modal-close-button\">\n                        <img decoding=\"async\" id=\"mp-credits-modal-close-modal\" src=\"https:\/\/loja.hunas.art.br\/wp-content\/plugins\/woocommerce-mercadopago\/templates\/public\/..\/..\/assets\/images\/products\/credits\/close-icon.png\">\n                    <\/div>\n                    <div class=\"mp-logo-img\">\n                        <img decoding=\"async\" src=\"https:\/\/loja.hunas.art.br\/wp-content\/plugins\/woocommerce-mercadopago\/templates\/public\/..\/..\/assets\/images\/products\/credits\/credits-modal-logo.png\">\n                    <\/div>\n\n                    <div class=\"mp-credits-modal-titles\">\n                        <div class=\"mp-credits-modal-brand-title\">\n                            <span>Compre com o Mercado Cr\u00e9dito sem cart\u00e3o e pague por m\u00eas<\/span>\n                        <\/div>\n                        <div class=\"mp-credits-modal-info\">\n                            <div class=\"mp-credits-modal-how-to-use\">\n                                <div>\n                                    <div class=\"mp-credits-modal-step-circle\"><div class=\"mp-step-mark\">1<\/div><\/div>\n                                    <span class=\"mp-credits-modal-step-circle-text\">Adicione o produto ao carrinho de compras e, na hora de pagar, selecione \u201cLinha de Cr\u00e9dito\u201d.<\/span>\n                                <\/div>\n                                <div>\n                                <div class=\"mp-credits-modal-step-circle\"><div class=\"mp-step-mark\">2<\/div><\/div>\n                                <span class=\"mp-credits-modal-step-circle-text\">Inicie sess\u00e3o no Mercado Pago.<\/span>\n                                <\/div>\n                                <div>\n                                <div class=\"mp-credits-modal-step-circle\"><div class=\"mp-step-mark\">3<\/div><\/div>\n                                <span class=\"mp-credits-modal-step-circle-text\">Escolha o n\u00famero de parcelas que melhor se adapte a voc\u00ea e pronto!<\/span>\n                                <\/div>\n                            <\/div>\n                        <\/div>\n                    <\/div>\n                    <div class=\"mp-credits-modal-FAQ\">\n                        <p>\n                            Cr\u00e9dito sujeito a aprova\u00e7\u00e3o.                            <br>\n                            <br>\n                            D\u00favidas? Confira nossa p\u00e1gina de                             <a id=\"mp-modal-footer-link\" target=\"_blank\" href=\"https:\/\/www.mercadopago.com.br\/help\/19040\">Ajuda<\/a>.\n                        <\/p>\n                    <\/div>\n                <\/div>\n            <\/div>\n        <\/div>\n    <\/div>\n<\/div>\n\n<script type=\"text\/javascript\" type=\"module\">\n    const tooltipComponent = document.getElementById('tooltipComponent');\n    const itemDetailsDiv = document.getElementsByClassName('woocommerce-product-details__short-description')[0];\n\n    if (itemDetailsDiv) {\n        const childrenStyle = window.getComputedStyle(itemDetailsDiv.children[0]);\n        tooltipComponent.style.margin = childrenStyle.margin;\n    } else {\n        const parentStyle = window.getComputedStyle(tooltipComponent.parentNode);\n\n        if (parentStyle.marginTop != \"0px\") {\n            tooltipComponent.style.marginBottom = parentStyle.marginTop;\n        } else if (parentStyle.paddingTop != \"0px\") {\n            tooltipComponent.style.paddingBottom = parentStyle.paddingTop;\n        } else if (parentStyle.marginBlockStart != \"0px\") {\n            tooltipComponent.style.marginBlockEnd = parentStyle.marginBlockStart;\n        }\n    }\n<\/script>\n\n\t<form class=\"cart\" action=\"https:\/\/loja.hunas.art.br\/index.php\/produto\/colar-mulher-maravilha\/\" method=\"post\" enctype='multipart\/form-data'>\n\t\t<div id=\"cfpp\" style=\"display: block;\">\n    <style>\n        div#cfpp div.calculo-de-frete div#calcular-frete svg {fill:#FFF;}\n        div#cfpp div.calculo-de-frete div#calcular-frete {color:#FFF;}\n        div#cfpp div.calculo-de-frete div#calcular-frete {background-color:#03A9F4;}\n    <\/style>\n\n    <div class=\"calculo-de-frete\">\n\n        <input type=\"text\" maxlength=\"9\">\n\n        <div id=\"calcular-frete\">\n            <svg enable-background=\"new 0 0 32 24.3\" version=\"1.1\" viewBox=\"0 0 32 24.3\" xml:space=\"preserve\" xmlns=\"http:\/\/www.w3.org\/2000\/svg\">    <path d=\"m31.6 19.2h-1v-5.6c0-0.7-0.2-1.3-0.6-1.8l-2.5-3.8c-0.6-0.9-1.6-1.4-2.7-1.4h-3.9c-0.5 0-0.8 0.4-0.8 0.8v11.8h-6.4c0.6 0.5 1 1.3 1.1 2.1h6.7c0.2-1.6 1.6-2.9 3.3-2.9s3.1 1.3 3.3 2.9h3.3c0.2 0 0.4-0.2 0.4-0.4v-1.3c0.2-0.3 0-0.4-0.2-0.4zm-4.1-6.7h-5.1c-0.2 0-0.4-0.2-0.4-0.4v-2.9c0-0.2 0.2-0.4 0.4-0.4h3.1c0.1 0 0.3 0.1 0.3 0.2l2 2.8c0.2 0.3 0 0.7-0.3 0.7zm-2.6 6.7c-1.4 0-2.6 1.1-2.6 2.6 0 1.4 1.1 2.6 2.6 2.6 1.4 0 2.6-1.1 2.6-2.6s-1.2-2.6-2.6-2.6zm0 3.8c-0.7 0-1.3-0.6-1.3-1.3s0.6-1.3 1.3-1.3 1.3 0.6 1.3 1.3-0.6 1.3-1.3 1.3zm-21.3-3.8c-0.2 0-0.4 0.2-0.4 0.4v1.3c0 0.2 0.2 0.4 0.4 0.4h4.6c0.1-0.8 0.5-1.6 1.1-2.1h-5.7zm7.9 0c-1.4 0-2.6 1.1-2.6 2.6 0 1.4 1.1 2.6 2.6 2.6 1.4 0 2.6-1.1 2.6-2.6s-1.2-2.6-2.6-2.6zm0 3.8c-0.7 0-1.3-0.6-1.3-1.3s0.6-1.3 1.3-1.3 1.3 0.6 1.3 1.3-0.6 1.3-1.3 1.3zm6.2-19h-4.8c0.2 0.7 0.4 1.4 0.4 2.2 0 3.9-3.2 7-7 7-0.7 0-1.4-0.1-2-0.3v4.5c0 0.2 0.2 0.4 0.4 0.4h13.9c0.2 0 0.4-0.2 0.4-0.4v-12.2c-0.1-0.6-0.6-1.2-1.3-1.2zm-11.5-4c-3.4 0-6.2 2.8-6.2 6.2s2.8 6.2 6.2 6.2 6.2-2.8 6.2-6.2-2.7-6.2-6.2-6.2zm0 11c-2.7 0-4.8-2.2-4.8-4.8s2.2-4.8 4.8-4.8c2.7 0 4.8 2.2 4.8 4.8 0 2.7-2.1 4.8-4.8 4.8zm1.9-3.8h-0.2l-2-0.5c-0.3-0.1-0.5-0.3-0.5-0.6v-3.1c0-0.3 0.3-0.6 0.6-0.6s0.7 0.3 0.7 0.6v2.6l1.5 0.4c0.3 0.1 0.5 0.4 0.4 0.8 0 0.3-0.3 0.4-0.5 0.4z\"\/><\/svg> Calcular Frete        <\/div>\n\n        <div id=\"calcular-frete-loader\"><\/div>\n    <\/div>\n\n    <div class=\"resultado-frete\">\n        <table>\n            <thead>\n                <tr>\n                    <td>Forma de Envio<\/td>\n                    <td>Custo Estimado<\/td>\n                    <td>Entrega Estimada<\/td>\n                <\/tr>\n            <\/thead>\n            <tbody>\n            <\/tbody>\n        <\/table>\n    <\/div>\n<\/div>\n\n\t\t<div class=\"quantity\">\n\t\t<label class=\"screen-reader-text\" for=\"quantity_69fdc6232239e\">Colar Mulher Maravilha quantidade<\/label>\n\t<input\n\t\ttype=\"number\"\n\t\t\t\tid=\"quantity_69fdc6232239e\"\n\t\tclass=\"input-text qty text\"\n\t\tname=\"quantity\"\n\t\tvalue=\"1\"\n\t\taria-label=\"Quantidade de produto\"\n\t\t\t\tmin=\"1\"\n\t\t\t\t\tmax=\"30\"\n\t\t\t\t\t\t\tstep=\"1\"\n\t\t\tplaceholder=\"\"\n\t\t\tinputmode=\"numeric\"\n\t\t\tautocomplete=\"off\"\n\t\t\t\/>\n\t<\/div>\n\n\t\t<button type=\"submit\" name=\"add-to-cart\" value=\"2270\" class=\"single_add_to_cart_button button alt\">Adicionar ao carrinho<\/button>\n\n\t\t\t<\/form>\n\n\t\n<\/div><\/div>\n<\/div>\n<\/div>\n\n\n\n<div style=\"height:calc( 0.25 * var(--wp--style--root--padding-right, var(--wp--custom--gap--horizontal)))\" aria-hidden=\"true\" class=\"wp-block-spacer\"><\/div>\n<\/div><\/div>\n\n\n\n\n<h2 class=\"wp-block-post-title\">Colar Mulher Maravilha<\/h2>\n\n\n<p class=\"has-text-align-center has-normal-font-size\"><strong>Em at\u00e9 4 vezes sem juros <\/strong><\/p>\n\n\n\n<p class=\"has-text-align-center\"><strong>v\u00e1lido para todos os produtos<\/strong>.<\/p>\n\n\n<div class=\"wp-block-image\">\n<figure class=\"aligncenter size-large is-resized\"><img loading=\"lazy\" decoding=\"async\" width=\"772\" height=\"1024\" src=\"https:\/\/loja.hunas.art.br\/wp-content\/uploads\/2021\/09\/WhatsApp-Image-2021-09-16-at-4.46.12-PM-772x1024.jpeg\" alt=\"\" class=\"wp-image-905\" style=\"width:557px;height:739px\" srcset=\"https:\/\/loja.hunas.art.br\/wp-content\/uploads\/2021\/09\/WhatsApp-Image-2021-09-16-at-4.46.12-PM-772x1024.jpeg 772w, https:\/\/loja.hunas.art.br\/wp-content\/uploads\/2021\/09\/WhatsApp-Image-2021-09-16-at-4.46.12-PM-416x552.jpeg 416w, https:\/\/loja.hunas.art.br\/wp-content\/uploads\/2021\/09\/WhatsApp-Image-2021-09-16-at-4.46.12-PM-226x300.jpeg 226w, https:\/\/loja.hunas.art.br\/wp-content\/uploads\/2021\/09\/WhatsApp-Image-2021-09-16-at-4.46.12-PM-768x1019.jpeg 768w, https:\/\/loja.hunas.art.br\/wp-content\/uploads\/2021\/09\/WhatsApp-Image-2021-09-16-at-4.46.12-PM.jpeg 965w\" sizes=\"auto, (max-width: 772px) 100vw, 772px\" \/><\/figure>\n<\/div>\n\n\n<h2 class=\"wp-block-heading has-text-align-center\" id=\"instagram\"> <strong><a href=\"https:\/\/www.instagram.com\/hunas_acessorios\">Instagram<\/a><\/strong><\/h2>\n\n\n\n<h4 class=\"wp-block-heading has-text-align-center\" id=\"mercadao-da-prochet-loja-53av-harry-prochet-305\"><strong>Mercad\u00e3o da Prochet Loja 53<br>Av. Harry Prochet, 305<\/strong><\/h4>\n\n\n\n<h4 class=\"wp-block-heading has-text-align-center\" id=\"jardim-mediterraneo-londrina-pr-86047-040\"><strong>Jardim Mediterr\u00e2neo, Londrina &#8211; PR, 86047-040<\/strong><\/h4>\n\n\n\n<h4 class=\"wp-block-heading has-text-align-center\" id=\"telefone-55-43-3341-8285\"><strong>Telefone: +55 43 3341-8285<\/strong><\/h4>\n\n\n\n<h4 class=\"wp-block-heading has-text-align-center\" id=\"celular-whatsapp-55-43-98447-4285\"><strong>Celular\/WhatsApp: +55 43 98447-4285<\/strong><\/h4>\n\n\n\n<h4 class=\"wp-block-heading has-text-align-center\" id=\"cnpj-21-008-089-0001-02\"><strong>CNPJ: 21.008.089\/0001-02<\/strong><\/h4>\n\n\n\n<p class=\"has-text-align-center\"><a rel=\"noreferrer noopener\" href=\"https:\/\/maps.app.goo.gl\/4XxMfALLqDj6AvNz5\" target=\"_blank\">Localiza\u00e7\u00e3o<\/a><\/p>\n\n\n<div class=\"wp-block-image\">\n<figure class=\"aligncenter size-full is-resized\"><img loading=\"lazy\" decoding=\"async\" width=\"382\" height=\"132\" src=\"https:\/\/loja.hunas.art.br\/wp-content\/uploads\/2021\/09\/SiteSeguro03.jpg\" alt=\"\" class=\"wp-image-897\" style=\"width:382px;height:132px\" srcset=\"https:\/\/loja.hunas.art.br\/wp-content\/uploads\/2021\/09\/SiteSeguro03.jpg 382w, https:\/\/loja.hunas.art.br\/wp-content\/uploads\/2021\/09\/SiteSeguro03-300x104.jpg 300w\" sizes=\"auto, (max-width: 382px) 100vw, 382px\" \/><\/figure>\n<\/div>\n\n<div class=\"wp-block-image\">\n<figure class=\"aligncenter size-full\"><img loading=\"lazy\" decoding=\"async\" width=\"314\" height=\"200\" src=\"https:\/\/loja.hunas.art.br\/wp-content\/uploads\/2021\/09\/site-seguro-certificado-ssl-.jpg\" alt=\"\" class=\"wp-image-901\" srcset=\"https:\/\/loja.hunas.art.br\/wp-content\/uploads\/2021\/09\/site-seguro-certificado-ssl-.jpg 314w, https:\/\/loja.hunas.art.br\/wp-content\/uploads\/2021\/09\/site-seguro-certificado-ssl--300x191.jpg 300w\" sizes=\"auto, (max-width: 314px) 100vw, 314px\" \/><\/figure>\n<\/div>","protected":false},"excerpt":{"rendered":"<p>Descubra a beleza e a singularidade dos nossos acess\u00f3rios artesanais, feitos com dedica\u00e7\u00e3o, amor e alma! Cada pe\u00e7a \u00e9 \u00fanica, refletindo o talento e a criatividade que colocamos em cada cria\u00e7\u00e3o. \u2728 Por que escolher nossos acess\u00f3rios? Explore nossa cole\u00e7\u00e3o e encontre aquela pe\u00e7a que vai transformar o seu look! \ud83c\udf38 [Confira nossas novidades!] \ud83c\udf38 [&hellip;]<\/p>\n","protected":false},"author":1,"featured_media":0,"parent":0,"menu_order":0,"comment_status":"closed","ping_status":"closed","template":"","meta":{"footnotes":""},"class_list":["post-57","page","type-page","status-publish","hentry"],"aioseo_notices":[],"jetpack_sharing_enabled":true,"jetpack_likes_enabled":true,"jetpack_shortlink":"https:\/\/wp.me\/PcnPyL-V","_links":{"self":[{"href":"https:\/\/loja.hunas.art.br\/index.php\/wp-json\/wp\/v2\/pages\/57","targetHints":{"allow":["GET"]}}],"collection":[{"href":"https:\/\/loja.hunas.art.br\/index.php\/wp-json\/wp\/v2\/pages"}],"about":[{"href":"https:\/\/loja.hunas.art.br\/index.php\/wp-json\/wp\/v2\/types\/page"}],"author":[{"embeddable":true,"href":"https:\/\/loja.hunas.art.br\/index.php\/wp-json\/wp\/v2\/users\/1"}],"replies":[{"embeddable":true,"href":"https:\/\/loja.hunas.art.br\/index.php\/wp-json\/wp\/v2\/comments?post=57"}],"version-history":[{"count":75,"href":"https:\/\/loja.hunas.art.br\/index.php\/wp-json\/wp\/v2\/pages\/57\/revisions"}],"predecessor-version":[{"id":2534,"href":"https:\/\/loja.hunas.art.br\/index.php\/wp-json\/wp\/v2\/pages\/57\/revisions\/2534"}],"wp:attachment":[{"href":"https:\/\/loja.hunas.art.br\/index.php\/wp-json\/wp\/v2\/media?parent=57"}],"curies":[{"name":"wp","href":"https:\/\/api.w.org\/{rel}","templated":true}]}}